{"id":4623,"date":"2020-07-10T13:56:45","date_gmt":"2020-07-10T11:56:45","guid":{"rendered":"https:\/\/custoza.wine\/home\/"},"modified":"2025-07-28T17:51:08","modified_gmt":"2025-07-28T15:51:08","slug":"home","status":"publish","type":"page","link":"https:\/\/custoza.wine\/de\/","title":{"rendered":"Home"},"content":{"rendered":"\t\t<div data-elementor-type=\"wp-page\" data-elementor-id=\"4623\" class=\"elementor elementor-4623 elementor-255\" data-elementor-post-type=\"page\">\n\t\t\t\t\t\t<section class=\"elementor-section elementor-top-section elementor-element elementor-element-b185398 elementor-section-full_width elementor-section-height-default elementor-section-height-default parallax_section_no qode_elementor_container_no\" data-id=\"b185398\" data-element_type=\"section\">\n\t\t\t\t\t\t<div class=\"elementor-container elementor-column-gap-no\">\n\t\t\t\t\t<div class=\"elementor-column elementor-col-100 elementor-top-column elementor-element elementor-element-912c4aa\" data-id=\"912c4aa\" data-element_type=\"column\">\n\t\t\t<div class=\"elementor-widget-wrap elementor-element-populated\">\n\t\t\t\t\t\t<div class=\"elementor-element elementor-element-c36dba2 elementor-widget elementor-widget-slider_revolution\" data-id=\"c36dba2\" data-element_type=\"widget\" data-widget_type=\"slider_revolution.default\">\n\t\t\t\t<div class=\"elementor-widget-container\">\n\t\t\t\t\t\n\t\t<div class=\"wp-block-themepunch-revslider\">\n\t\t\t<!-- START HomeSlider DE REVOLUTION SLIDER 6.5.3 --><p class=\"rs-p-wp-fix\"><\/p>\n\t\t\t<rs-module-wrap id=\"rev_slider_3_1_wrapper\" data-source=\"gallery\" style=\"visibility:hidden;background:#a6a7ac;padding:0;\">\n\t\t\t\t<rs-module id=\"rev_slider_3_1\" style=\"\" data-version=\"6.5.3\">\n\t\t\t\t\t<rs-slides>\n\t\t\t\t\t\t<rs-slide data-key=\"rs-5\" data-title=\"Slide\" data-in=\"o:0;\" data-out=\"a:false;\">\n\t\t\t\t\t\t\t<img fetchpriority=\"high\" decoding=\"async\" src=\"\/\/custoza.wine\/wp-content\/plugins\/revslider\/public\/assets\/assets\/dummy.png\" title=\"consorzio-custoza-slide-01\" width=\"1920\" height=\"1439\" class=\"rev-slidebg tp-rs-img rs-lazyload\" data-lazyload=\"\/\/custoza.wine\/wp-content\/uploads\/2021\/10\/consorzio-custoza-slide-01.jpg\" data-parallax=\"6\" data-no-retina>\n<!--\n\t\t\t\t\t\t\t--><rs-layer\n\t\t\t\t\t\t\t\tid=\"slider-3-slide-5-layer-0\" \n\t\t\t\t\t\t\t\tdata-type=\"text\"\n\t\t\t\t\t\t\t\tdata-xy=\"x:c;y:m;yo:-30px;\"\n\t\t\t\t\t\t\t\tdata-text=\"w:normal;s:50,50,42,32;l:75,75,55,45;a:center;\"\n\t\t\t\t\t\t\t\tdata-dim=\"w:auto,auto,610px,418px;\"\n\t\t\t\t\t\t\t\tdata-basealign=\"slide\"\n\t\t\t\t\t\t\t\tdata-rsp_o=\"off\"\n\t\t\t\t\t\t\t\tdata-rsp_bd=\"off\"\n\t\t\t\t\t\t\t\tdata-frame_1=\"e:power2.out;st:1000;sp:1370;sR:1000;\"\n\t\t\t\t\t\t\t\tdata-frame_999=\"o:0;e:power2.out;st:w;sp:500;sR:1630;\"\n\t\t\t\t\t\t\t\tstyle=\"z-index:10;font-family:Montserrat;text-transform:uppercase;\"\n\t\t\t\t\t\t\t>Willkommen in \n\t\t\t\t\t\t\t<\/rs-layer><!--\n\n\t\t\t\t\t\t\t--><rs-layer\n\t\t\t\t\t\t\t\tid=\"slider-3-slide-5-layer-1\" \n\t\t\t\t\t\t\t\tdata-type=\"image\"\n\t\t\t\t\t\t\t\tdata-xy=\"x:c;y:b;\"\n\t\t\t\t\t\t\t\tdata-text=\"w:normal;\"\n\t\t\t\t\t\t\t\tdata-dim=\"w:['63px','63px','63px','63px'];h:['63px','63px','63px','63px'];\"\n\t\t\t\t\t\t\t\tdata-actions='o:click;a:scrollbelow;sp:1000ms;e:power1.inOut;'\n\t\t\t\t\t\t\t\tdata-basealign=\"slide\"\n\t\t\t\t\t\t\t\tdata-rsp_o=\"off\"\n\t\t\t\t\t\t\t\tdata-rsp_bd=\"off\"\n\t\t\t\t\t\t\t\tdata-frame_0=\"y:50;\"\n\t\t\t\t\t\t\t\tdata-frame_1=\"e:power1.out;st:500;sp:500;sR:500;\"\n\t\t\t\t\t\t\t\tdata-frame_999=\"o:0;st:w;sR:3000;\"\n\t\t\t\t\t\t\t\tstyle=\"z-index:11;\"\n\t\t\t\t\t\t\t><img decoding=\"async\" src=\"\/\/custoza.wine\/wp-content\/plugins\/revslider\/public\/assets\/assets\/dummy.png\" alt=\"m\" class=\"tp-rs-img rs-lazyload\" width=\"63\" height=\"63\" data-lazyload=\"\/\/custoza.wine\/wp-content\/uploads\/2020\/07\/slider-anchor.png\" data-no-retina> \n\t\t\t\t\t\t\t<\/rs-layer><!--\n\n\t\t\t\t\t\t\t--><rs-layer\n\t\t\t\t\t\t\t\tid=\"slider-3-slide-5-layer-3\" \n\t\t\t\t\t\t\t\tdata-type=\"shape\"\n\t\t\t\t\t\t\t\tdata-text=\"w:normal;\"\n\t\t\t\t\t\t\t\tdata-dim=\"w:100%;h:100%;\"\n\t\t\t\t\t\t\t\tdata-basealign=\"slide\"\n\t\t\t\t\t\t\t\tdata-rsp_o=\"off\"\n\t\t\t\t\t\t\t\tdata-rsp_bd=\"off\"\n\t\t\t\t\t\t\t\tdata-frame_1=\"st:1000;sp:1460;sR:1000;\"\n\t\t\t\t\t\t\t\tdata-frame_999=\"o:0;st:w;sR:1540;\"\n\t\t\t\t\t\t\t\tstyle=\"z-index:8;background-color:rgba(0,0,0,0.2);\"\n\t\t\t\t\t\t\t> \n\t\t\t\t\t\t\t<\/rs-layer><!--\n\n\t\t\t\t\t\t\t--><rs-layer\n\t\t\t\t\t\t\t\tid=\"slider-3-slide-5-layer-6\" \n\t\t\t\t\t\t\t\tdata-type=\"text\"\n\t\t\t\t\t\t\t\tdata-xy=\"x:c;y:m;yo:30px,30px,30px,24px;\"\n\t\t\t\t\t\t\t\tdata-text=\"w:normal;s:40,32,30,21;l:75,75,55,45;a:center;\"\n\t\t\t\t\t\t\t\tdata-dim=\"w:auto,auto,610px,418px;\"\n\t\t\t\t\t\t\t\tdata-basealign=\"slide\"\n\t\t\t\t\t\t\t\tdata-rsp_o=\"off\"\n\t\t\t\t\t\t\t\tdata-rsp_bd=\"off\"\n\t\t\t\t\t\t\t\tdata-frame_1=\"e:power2.out;st:1000;sp:1370;sR:1000;\"\n\t\t\t\t\t\t\t\tdata-frame_999=\"o:0;e:power2.out;st:w;sp:500;sR:1630;\"\n\t\t\t\t\t\t\t\tstyle=\"z-index:9;font-family:Montserrat;text-transform:uppercase;\"\n\t\t\t\t\t\t\t>der weinregion custoza \n\t\t\t\t\t\t\t<\/rs-layer><!--\n-->\t\t\t\t\t\t<\/rs-slide>\n\t\t\t\t\t\t<rs-slide data-key=\"rs-6\" data-title=\"Slide\" data-in=\"o:0;\" data-out=\"a:false;\">\n\t\t\t\t\t\t\t<img decoding=\"async\" src=\"\/\/custoza.wine\/wp-content\/plugins\/revslider\/public\/assets\/assets\/dummy.png\" title=\"consorzio-custoza-slide-02\" width=\"1920\" height=\"1280\" class=\"rev-slidebg tp-rs-img rs-lazyload\" data-lazyload=\"\/\/custoza.wine\/wp-content\/uploads\/2021\/10\/consorzio-custoza-slide-02.jpg\" data-parallax=\"6\" data-no-retina>\n<!--\n\t\t\t\t\t\t\t--><rs-layer\n\t\t\t\t\t\t\t\tid=\"slider-3-slide-6-layer-0\" \n\t\t\t\t\t\t\t\tdata-type=\"text\"\n\t\t\t\t\t\t\t\tdata-xy=\"x:c;y:m;\"\n\t\t\t\t\t\t\t\tdata-text=\"w:normal;s:42,42,50,40;l:60,60,55,45;a:center;\"\n\t\t\t\t\t\t\t\tdata-dim=\"w:auto,auto,610px,418px;\"\n\t\t\t\t\t\t\t\tdata-basealign=\"slide\"\n\t\t\t\t\t\t\t\tdata-rsp_o=\"off\"\n\t\t\t\t\t\t\t\tdata-rsp_bd=\"off\"\n\t\t\t\t\t\t\t\tdata-frame_1=\"e:power2.out;st:300;sp:800;sR:300;\"\n\t\t\t\t\t\t\t\tdata-frame_999=\"o:0;e:power2.out;st:w;sp:500;sR:2900;\"\n\t\t\t\t\t\t\t\tstyle=\"z-index:9;font-family:Montserrat;text-transform:uppercase;\"\n\t\t\t\t\t\t\t>Ein gebiet,<br \/>\ndas zu jeder jahreszeit eine reise wert ist<br \/>\n \n\t\t\t\t\t\t\t<\/rs-layer><!--\n\n\t\t\t\t\t\t\t--><rs-layer\n\t\t\t\t\t\t\t\tid=\"slider-3-slide-6-layer-1\" \n\t\t\t\t\t\t\t\tdata-type=\"image\"\n\t\t\t\t\t\t\t\tdata-xy=\"x:c;y:b;\"\n\t\t\t\t\t\t\t\tdata-text=\"w:normal;\"\n\t\t\t\t\t\t\t\tdata-dim=\"w:['63px','63px','63px','63px'];h:['63px','63px','63px','63px'];\"\n\t\t\t\t\t\t\t\tdata-actions='o:click;a:scrollbelow;sp:1000ms;e:power1.inOut;'\n\t\t\t\t\t\t\t\tdata-basealign=\"slide\"\n\t\t\t\t\t\t\t\tdata-rsp_o=\"off\"\n\t\t\t\t\t\t\t\tdata-rsp_bd=\"off\"\n\t\t\t\t\t\t\t\tdata-frame_0=\"y:50;\"\n\t\t\t\t\t\t\t\tdata-frame_1=\"e:power1.out;st:500;sp:500;sR:500;\"\n\t\t\t\t\t\t\t\tdata-frame_999=\"o:0;st:w;sR:3000;\"\n\t\t\t\t\t\t\t\tstyle=\"z-index:10;\"\n\t\t\t\t\t\t\t><img decoding=\"async\" src=\"\/\/custoza.wine\/wp-content\/plugins\/revslider\/public\/assets\/assets\/dummy.png\" alt=\"m\" class=\"tp-rs-img rs-lazyload\" width=\"63\" height=\"63\" data-lazyload=\"\/\/custoza.wine\/wp-content\/uploads\/2020\/07\/slider-anchor.png\" data-no-retina> \n\t\t\t\t\t\t\t<\/rs-layer><!--\n\n\t\t\t\t\t\t\t--><rs-layer\n\t\t\t\t\t\t\t\tid=\"slider-3-slide-6-layer-4\" \n\t\t\t\t\t\t\t\tdata-type=\"shape\"\n\t\t\t\t\t\t\t\tdata-xy=\"xo:1px;\"\n\t\t\t\t\t\t\t\tdata-text=\"w:normal;\"\n\t\t\t\t\t\t\t\tdata-dim=\"w:100%;h:100%;\"\n\t\t\t\t\t\t\t\tdata-basealign=\"slide\"\n\t\t\t\t\t\t\t\tdata-rsp_o=\"off\"\n\t\t\t\t\t\t\t\tdata-rsp_bd=\"off\"\n\t\t\t\t\t\t\t\tdata-frame_1=\"st:1000;sp:1460;sR:1000;\"\n\t\t\t\t\t\t\t\tdata-frame_999=\"o:0;st:w;sR:1540;\"\n\t\t\t\t\t\t\t\tstyle=\"z-index:8;background-color:rgba(0,0,0,0.2);\"\n\t\t\t\t\t\t\t> \n\t\t\t\t\t\t\t<\/rs-layer><!--\n\n\t\t\t\t\t\t\t--><a\n\t\t\t\t\t\t\t\tid=\"slider-3-slide-6-layer-5\" \n\t\t\t\t\t\t\t\tclass=\"rs-layer rev-btn\"\n\t\t\t\t\t\t\t\thref=\"\/de\/weintourismus\/\" target=\"_self\"\n\t\t\t\t\t\t\t\tdata-type=\"button\"\n\t\t\t\t\t\t\t\tdata-color=\"#000000\"\n\t\t\t\t\t\t\t\tdata-xy=\"x:c;y:t,t,t,m;yo:544px,460px,598px,119px;\"\n\t\t\t\t\t\t\t\tdata-text=\"w:normal;s:20,16,18,17;l:32,27,30,27;fw:300;a:center;\"\n\t\t\t\t\t\t\t\tdata-dim=\"minh:0px,none,none,none;\"\n\t\t\t\t\t\t\t\tdata-rsp_o=\"off\"\n\t\t\t\t\t\t\t\tdata-rsp_bd=\"off\"\n\t\t\t\t\t\t\t\tdata-padding=\"t:5,4,5,5;r:30,25,29,27;b:5,4,5,5;l:30,25,29,27;\"\n\t\t\t\t\t\t\t\tdata-frame_0=\"x:0,0,0px,0px;y:0,0,0px,0px;\"\n\t\t\t\t\t\t\t\tdata-frame_1=\"x:0,0,0px,0px;y:0,0,0px,0px;\"\n\t\t\t\t\t\t\t\tdata-frame_999=\"o:0;st:w;\"\n\t\t\t\t\t\t\t\tdata-frame_hover=\"c:#fff;bgc:#000;bor:0px,0px,0px,0px;\"\n\t\t\t\t\t\t\t\tstyle=\"z-index:12;background-color:rgba(255,255,255,1);font-family:Montserrat;\"\n\t\t\t\t\t\t\t>Entdecken \n\t\t\t\t\t\t\t<\/a><!--\n-->\t\t\t\t\t\t<\/rs-slide>\n\t\t\t\t\t<\/rs-slides>\n\t\t\t\t\t<rs-static-layers><!--\n\t\t\t\t\t--><\/rs-static-layers>\n\t\t\t\t<\/rs-module>\n\t\t\t\t<script type=\"text\/javascript\">\n\t\t\t\t\tsetREVStartSize({c: 'rev_slider_3_1',rl:[1240,1024,778,480],el:[900,768,960,720],gw:[1300,1100,778,480],gh:[900,768,960,720],type:'standard',justify:'',layout:'fullscreen',offsetContainer:'',offset:'',mh:\"0\"});\n\t\t\t\t<\/script>\n\t\t\t<\/rs-module-wrap>\n\t\t\t<!-- END REVOLUTION SLIDER -->\n<\/div>\n\n\t\t\t\t\t\t<\/div>\n\t\t\t\t<\/div>\n\t\t\t\t\t<\/div>\n\t\t<\/div>\n\t\t\t\t\t<\/div>\n\t\t<\/section>\n\t\t\t\t<section class=\"elementor-section elementor-top-section elementor-element elementor-element-3bbd19c elementor-section-boxed elementor-section-height-default elementor-section-height-default parallax_section_no qode_elementor_container_no\" data-id=\"3bbd19c\" data-element_type=\"section\">\n\t\t\t\t\t\t<div class=\"elementor-container elementor-column-gap-default\">\n\t\t\t\t\t<div class=\"elementor-column elementor-col-50 elementor-top-column elementor-element elementor-element-ea5359b\" data-id=\"ea5359b\" data-element_type=\"column\">\n\t\t\t<div class=\"elementor-widget-wrap elementor-element-populated\">\n\t\t\t\t\t\t<div class=\"elementor-element elementor-element-0a8b4ce elementor-widget elementor-widget-heading\" data-id=\"0a8b4ce\" data-element_type=\"widget\" data-widget_type=\"heading.default\">\n\t\t\t\t<div class=\"elementor-widget-container\">\n\t\t\t\t\t<h1 class=\"elementor-heading-title elementor-size-default\">Das Weingebiet<br>\nCustoza<\/h1>\t\t\t\t<\/div>\n\t\t\t\t<\/div>\n\t\t\t\t<div class=\"elementor-element elementor-element-af82612 elementor-widget elementor-widget-text-editor\" data-id=\"af82612\" data-element_type=\"widget\" data-widget_type=\"text-editor.default\">\n\t\t\t\t<div class=\"elementor-widget-container\">\n\t\t\t\t\t\t\t\t\t<p>Inmitten von Weinbergen und historischen Landg\u00fctern sowie in der N\u00e4he bedeutender Kunstst\u00e4dte und Schaupl\u00e4tze des italienischen Risorgimento liegt das Anbaugebiet des <strong>Custoza DOC<\/strong>: ein Wein, dessen Besonderheit sowohl durch die einheimischen Trauben als auch die traditionsreiche Herstellungsmethode charakterisiert ist.<\/p>\t\t\t\t\t\t\t\t<\/div>\n\t\t\t\t<\/div>\n\t\t\t\t\t<\/div>\n\t\t<\/div>\n\t\t\t\t<div class=\"elementor-column elementor-col-50 elementor-top-column elementor-element elementor-element-8a8d7a5\" data-id=\"8a8d7a5\" data-element_type=\"column\">\n\t\t\t<div class=\"elementor-widget-wrap elementor-element-populated\">\n\t\t\t\t\t\t<div class=\"elementor-element elementor-element-398c2aa elementor-widget elementor-widget-image\" data-id=\"398c2aa\" data-element_type=\"widget\" data-widget_type=\"image.default\">\n\t\t\t\t<div class=\"elementor-widget-container\">\n\t\t\t\t\t\t\t\t\t\t\t\t\t\t\t<img loading=\"lazy\" decoding=\"async\" width=\"800\" height=\"450\" src=\"https:\/\/custoza.wine\/wp-content\/uploads\/2022\/12\/consorzio-custoza-backdrop-v1-800x450-1.png\" class=\"attachment-full size-full wp-image-3903\" alt=\"\" srcset=\"https:\/\/custoza.wine\/wp-content\/uploads\/2022\/12\/consorzio-custoza-backdrop-v1-800x450-1.png 800w, https:\/\/custoza.wine\/wp-content\/uploads\/2022\/12\/consorzio-custoza-backdrop-v1-800x450-1-300x169.png 300w, https:\/\/custoza.wine\/wp-content\/uploads\/2022\/12\/consorzio-custoza-backdrop-v1-800x450-1-768x432.png 768w, https:\/\/custoza.wine\/wp-content\/uploads\/2022\/12\/consorzio-custoza-backdrop-v1-800x450-1-700x394.png 700w, https:\/\/custoza.wine\/wp-content\/uploads\/2022\/12\/consorzio-custoza-backdrop-v1-800x450-1-539x303.png 539w\" sizes=\"(max-width: 800px) 100vw, 800px\" \/>\t\t\t\t\t\t\t\t\t\t\t\t\t\t\t<\/div>\n\t\t\t\t<\/div>\n\t\t\t\t\t<\/div>\n\t\t<\/div>\n\t\t\t\t\t<\/div>\n\t\t<\/section>\n\t\t\t\t<section class=\"elementor-section elementor-top-section elementor-element elementor-element-3da5d102 elementor-section-full_width elementor-section-height-default elementor-section-height-default parallax_section_no qode_elementor_container_no\" data-id=\"3da5d102\" data-element_type=\"section\">\n\t\t\t\t\t\t<div class=\"elementor-container elementor-column-gap-default\">\n\t\t\t\t\t<div class=\"elementor-column elementor-col-100 elementor-top-column elementor-element elementor-element-49025d4e\" data-id=\"49025d4e\" data-element_type=\"column\">\n\t\t\t<div class=\"elementor-widget-wrap elementor-element-populated\">\n\t\t\t\t\t\t<div class=\"elementor-element elementor-element-23bb29b7 elementor-widget elementor-widget-image\" data-id=\"23bb29b7\" data-element_type=\"widget\" data-settings=\"{&quot;motion_fx_motion_fx_scrolling&quot;:&quot;yes&quot;,&quot;motion_fx_translateY_effect&quot;:&quot;yes&quot;,&quot;motion_fx_translateY_speed&quot;:{&quot;unit&quot;:&quot;px&quot;,&quot;size&quot;:&quot;2&quot;,&quot;sizes&quot;:[]},&quot;motion_fx_devices&quot;:[&quot;desktop&quot;],&quot;motion_fx_translateY_affectedRange&quot;:{&quot;unit&quot;:&quot;%&quot;,&quot;size&quot;:&quot;&quot;,&quot;sizes&quot;:{&quot;start&quot;:0,&quot;end&quot;:100}}}\" data-widget_type=\"image.default\">\n\t\t\t\t<div class=\"elementor-widget-container\">\n\t\t\t\t\t\t\t\t\t\t\t\t\t\t\t<img loading=\"lazy\" decoding=\"async\" width=\"1920\" height=\"800\" src=\"https:\/\/custoza.wine\/wp-content\/uploads\/2022\/12\/consorzio-tutela-vino-custoza-uva-territorio.jpg\" class=\"attachment-full size-full wp-image-3907\" alt=\"\" srcset=\"https:\/\/custoza.wine\/wp-content\/uploads\/2022\/12\/consorzio-tutela-vino-custoza-uva-territorio.jpg 1920w, https:\/\/custoza.wine\/wp-content\/uploads\/2022\/12\/consorzio-tutela-vino-custoza-uva-territorio-300x125.jpg 300w, https:\/\/custoza.wine\/wp-content\/uploads\/2022\/12\/consorzio-tutela-vino-custoza-uva-territorio-1024x427.jpg 1024w, https:\/\/custoza.wine\/wp-content\/uploads\/2022\/12\/consorzio-tutela-vino-custoza-uva-territorio-768x320.jpg 768w, https:\/\/custoza.wine\/wp-content\/uploads\/2022\/12\/consorzio-tutela-vino-custoza-uva-territorio-1536x640.jpg 1536w, https:\/\/custoza.wine\/wp-content\/uploads\/2022\/12\/consorzio-tutela-vino-custoza-uva-territorio-700x292.jpg 700w\" sizes=\"(max-width: 1920px) 100vw, 1920px\" \/>\t\t\t\t\t\t\t\t\t\t\t\t\t\t\t<\/div>\n\t\t\t\t<\/div>\n\t\t\t\t\t<\/div>\n\t\t<\/div>\n\t\t\t\t\t<\/div>\n\t\t<\/section>\n\t\t\t\t<section class=\"elementor-section elementor-top-section elementor-element elementor-element-f614b20 elementor-section-boxed elementor-section-height-default elementor-section-height-default parallax_section_no qode_elementor_container_no\" data-id=\"f614b20\" data-element_type=\"section\">\n\t\t\t\t\t\t<div class=\"elementor-container elementor-column-gap-default\">\n\t\t\t\t\t<div class=\"elementor-column elementor-col-100 elementor-top-column elementor-element elementor-element-713c62f\" data-id=\"713c62f\" data-element_type=\"column\">\n\t\t\t<div class=\"elementor-widget-wrap elementor-element-populated\">\n\t\t\t\t\t\t<div class=\"elementor-element elementor-element-cdc1709 elementor-widget elementor-widget-text-editor\" data-id=\"cdc1709\" data-element_type=\"widget\" data-widget_type=\"text-editor.default\">\n\t\t\t\t<div class=\"elementor-widget-container\">\n\t\t\t\t\t\t\t\t\t<p>Das Anbaugebiet des Custoza DOC liegt in einer Region, die sich nicht nur durch eine herrliche Natur, sondern auch durch eine reichhaltige Geschichte, Kultur und Tradition auszeichnet. In \u00f6stlicher Richtung liegt Verona, w\u00e4hrend im Norden bereits das Voralpengebiet erkennbar ist. Der nahegelegene Gardasee sorgt f\u00fcr milde Brisen, und an klaren Tagen kann man in der Ferne Mantua und den Apennin erblicken.<\/p>\t\t\t\t\t\t\t\t<\/div>\n\t\t\t\t<\/div>\n\t\t\t\t<div class=\"elementor-element elementor-element-954f3b7 elementor-widget elementor-widget-qi_addons_for_elementor_banner\" data-id=\"954f3b7\" data-element_type=\"widget\" data-widget_type=\"qi_addons_for_elementor_banner.default\">\n\t\t\t\t<div class=\"elementor-widget-container\">\n\t\t\t\t\t<div class=\"qodef-shortcode qodef-m  qodef-qi-banner qodef-layout--standard qodef-vertical--middle qodef-horizontal--center qodef-image--hover-zoom \">\n\t<div class=\"qodef-m-image\">\n\t<img loading=\"lazy\" decoding=\"async\" width=\"1200\" height=\"600\" src=\"https:\/\/custoza.wine\/wp-content\/uploads\/2022\/12\/consorzio-tutela-vino-custoza-uva-cassetta-01.jpg\" class=\"attachment-full size-full\" alt=\"\" srcset=\"https:\/\/custoza.wine\/wp-content\/uploads\/2022\/12\/consorzio-tutela-vino-custoza-uva-cassetta-01.jpg 1200w, https:\/\/custoza.wine\/wp-content\/uploads\/2022\/12\/consorzio-tutela-vino-custoza-uva-cassetta-01-300x150.jpg 300w, https:\/\/custoza.wine\/wp-content\/uploads\/2022\/12\/consorzio-tutela-vino-custoza-uva-cassetta-01-1024x512.jpg 1024w, https:\/\/custoza.wine\/wp-content\/uploads\/2022\/12\/consorzio-tutela-vino-custoza-uva-cassetta-01-768x384.jpg 768w, https:\/\/custoza.wine\/wp-content\/uploads\/2022\/12\/consorzio-tutela-vino-custoza-uva-cassetta-01-1000x500.jpg 1000w, https:\/\/custoza.wine\/wp-content\/uploads\/2022\/12\/consorzio-tutela-vino-custoza-uva-cassetta-01-700x350.jpg 700w\" sizes=\"(max-width: 1200px) 100vw, 1200px\" \/><\/div>\n\t<div class=\"qodef-m-content\">\n\t\t<div class=\"qodef-m-content-inner\">\n\t\t\t\t\t\t\t\t\t\t\t\t\t<div class=\"qodef-m-button\">\n\t\t<a class=\"qodef-shortcode qodef-m  qodef-qi-button qodef-html--link qodef-layout--filled qodef-type--standard   qodef-icon--right qodef-hover--icon-move-horizontal-short     \" href=\"\/documents\/consorzio-vini-custoza-brochure-2021.pdf\" target=\"_blank\">\t<span class=\"qodef-m-text\">Download Brosch\u00fcre Custoza<\/span>\t<\/a>\t<\/div>\n\t\t<\/div>\n\t<\/div>\n\t\t<a itemprop=\"url\" href=\"\/documents\/consorzio-vini-custoza-brochure-2021.pdf\" class=\"qodef-m-banner-link\" target=\"_blank\"><\/a>\n<\/div>\n\t\t\t\t<\/div>\n\t\t\t\t<\/div>\n\t\t\t\t\t<\/div>\n\t\t<\/div>\n\t\t\t\t\t<\/div>\n\t\t<\/section>\n\t\t\t\t<section class=\"elementor-section elementor-top-section elementor-element elementor-element-81d2a93 elementor-section-boxed elementor-section-height-default elementor-section-height-default parallax_section_no qode_elementor_container_no\" data-id=\"81d2a93\" data-element_type=\"section\">\n\t\t\t\t\t\t<div class=\"elementor-container elementor-column-gap-default\">\n\t\t\t\t\t<div class=\"elementor-column elementor-col-100 elementor-top-column elementor-element elementor-element-dcd2ea9\" data-id=\"dcd2ea9\" data-element_type=\"column\">\n\t\t\t<div class=\"elementor-widget-wrap elementor-element-populated\">\n\t\t\t\t\t\t<div class=\"elementor-element elementor-element-7184dcf elementor-widget elementor-widget-image\" data-id=\"7184dcf\" data-element_type=\"widget\" data-widget_type=\"image.default\">\n\t\t\t\t<div class=\"elementor-widget-container\">\n\t\t\t\t\t\t\t\t\t\t\t\t\t\t\t<img loading=\"lazy\" decoding=\"async\" width=\"131\" height=\"100\" src=\"https:\/\/custoza.wine\/wp-content\/uploads\/2022\/02\/logo-siquria-homepage-100.png\" class=\"attachment-full size-full wp-image-3827\" alt=\"\" \/>\t\t\t\t\t\t\t\t\t\t\t\t\t\t\t<\/div>\n\t\t\t\t<\/div>\n\t\t\t\t<div class=\"elementor-element elementor-element-ded9d90 elementor-widget elementor-widget-text-editor\" data-id=\"ded9d90\" data-element_type=\"widget\" data-widget_type=\"text-editor.default\">\n\t\t\t\t<div class=\"elementor-widget-container\">\n\t\t\t\t\t\t\t\t\t<p>Siquria ist die zust\u00e4ndige Zertifizierungsstelle f\u00fcr die gesch\u00fctzte Ursprungsbezeichnung \u201eCustoza DOC\u201c.<\/p>\t\t\t\t\t\t\t\t<\/div>\n\t\t\t\t<\/div>\n\t\t\t\t<div class=\"elementor-element elementor-element-eab15d2 elementor-widget elementor-widget-text-editor\" data-id=\"eab15d2\" data-element_type=\"widget\" data-widget_type=\"text-editor.default\">\n\t\t\t\t<div class=\"elementor-widget-container\">\n\t\t\t\t\t\t\t\t\t<p><a href=\"http:\/\/www.siquria.it\/\" target=\"_blank\" rel=\"noopener\">Mehr \u00fcber Siquria<\/a><\/p>\t\t\t\t\t\t\t\t<\/div>\n\t\t\t\t<\/div>\n\t\t\t\t\t<\/div>\n\t\t<\/div>\n\t\t\t\t\t<\/div>\n\t\t<\/section>\n\t\t\t\t<section class=\"elementor-section elementor-top-section elementor-element elementor-element-03c9fbf elementor-section-boxed elementor-section-height-default elementor-section-height-default parallax_section_no qode_elementor_container_no\" data-id=\"03c9fbf\" data-element_type=\"section\" data-settings=\"{&quot;background_background&quot;:&quot;classic&quot;}\">\n\t\t\t\t\t\t<div class=\"elementor-container elementor-column-gap-default\">\n\t\t\t\t\t<div class=\"elementor-column elementor-col-100 elementor-top-column elementor-element elementor-element-40e9151\" data-id=\"40e9151\" data-element_type=\"column\">\n\t\t\t<div class=\"elementor-widget-wrap elementor-element-populated\">\n\t\t\t\t\t\t<div class=\"elementor-element elementor-element-9b97ce6 elementor-widget elementor-widget-image\" data-id=\"9b97ce6\" data-element_type=\"widget\" data-widget_type=\"image.default\">\n\t\t\t\t<div class=\"elementor-widget-container\">\n\t\t\t\t\t\t\t\t\t\t\t\t\t\t\t\t<a href=\"\/psr-fondo-europeo-agricolo-per-lo-sviluppo-rurale\/\">\n\t\t\t\t\t\t\t<img loading=\"lazy\" decoding=\"async\" width=\"600\" height=\"93\" src=\"https:\/\/custoza.wine\/wp-content\/uploads\/2025\/01\/loghi-istituzionali-POR-2025-600px.png\" class=\"attachment-full size-full wp-image-4258\" alt=\"\" srcset=\"https:\/\/custoza.wine\/wp-content\/uploads\/2025\/01\/loghi-istituzionali-POR-2025-600px.png 600w, https:\/\/custoza.wine\/wp-content\/uploads\/2025\/01\/loghi-istituzionali-POR-2025-600px-300x47.png 300w\" sizes=\"(max-width: 600px) 100vw, 600px\" \/>\t\t\t\t\t\t\t\t<\/a>\n\t\t\t\t\t\t\t\t\t\t\t\t\t\t\t<\/div>\n\t\t\t\t<\/div>\n\t\t\t\t\t<\/div>\n\t\t<\/div>\n\t\t\t\t\t<\/div>\n\t\t<\/section>\n\t\t\t\t<\/div>\n\t\t","protected":false},"excerpt":{"rendered":"<p>Das Weingebiet Custoza Inmitten von Weinbergen und historischen Landg\u00fctern sowie in der N\u00e4he bedeutender Kunstst\u00e4dte und Schaupl\u00e4tze des italienischen Risorgimento liegt das Anbaugebiet des Custoza DOC: ein Wein, dessen Besonderheit sowohl durch die einheimischen Trauben als auch die traditionsreiche Herstellungsmethode charakterisiert ist. Das Anbaugebiet des&#8230;<\/p>\n","protected":false},"author":2,"featured_media":0,"parent":0,"menu_order":0,"comment_status":"closed","ping_status":"closed","template":"full_width.php","meta":{"footnotes":"","_links_to":"","_links_to_target":""},"class_list":["post-4623","page","type-page","status-publish","hentry"],"_links":{"self":[{"href":"https:\/\/custoza.wine\/de\/wp-json\/wp\/v2\/pages\/4623","targetHints":{"allow":["GET"]}}],"collection":[{"href":"https:\/\/custoza.wine\/de\/wp-json\/wp\/v2\/pages"}],"about":[{"href":"https:\/\/custoza.wine\/de\/wp-json\/wp\/v2\/types\/page"}],"author":[{"embeddable":true,"href":"https:\/\/custoza.wine\/de\/wp-json\/wp\/v2\/users\/2"}],"replies":[{"embeddable":true,"href":"https:\/\/custoza.wine\/de\/wp-json\/wp\/v2\/comments?post=4623"}],"version-history":[{"count":10,"href":"https:\/\/custoza.wine\/de\/wp-json\/wp\/v2\/pages\/4623\/revisions"}],"predecessor-version":[{"id":4673,"href":"https:\/\/custoza.wine\/de\/wp-json\/wp\/v2\/pages\/4623\/revisions\/4673"}],"wp:attachment":[{"href":"https:\/\/custoza.wine\/de\/wp-json\/wp\/v2\/media?parent=4623"}],"curies":[{"name":"wp","href":"https:\/\/api.w.org\/{rel}","templated":true}]}}